{"id":2014,"date":"2025-01-07T15:13:04","date_gmt":"2025-01-07T15:13:04","guid":{"rendered":"https:\/\/bryanbalsiger.com\/?post_type=product&#038;p=2014"},"modified":"2025-01-20T07:33:58","modified_gmt":"2025-01-20T07:33:58","slug":"casquette-bleue","status":"publish","type":"product","link":"https:\/\/bryanbalsiger.com\/de\/produkt\/casquette-bleue\/","title":{"rendered":"Blaue Kappe"},"content":{"rendered":"<p>Unterstreichen Sie Ihren Stil mit der ikonischen Kappe aus der Bryan Balsiger-Kollektion. Sie wurde entworfen, um Eleganz und Praktikabilit\u00e4t zu vereinen, und ist die perfekte Erg\u00e4nzung zu Ihrem Outfit, egal ob Sie auf dem Spielfeld oder in der Stadt unterwegs sind.<\/p>","protected":false},"excerpt":{"rendered":"<p>Unterstreichen Sie Ihren Stil mit der ikonischen M\u00fctze aus der Bryan Balsiger-Kollektion. Sie wurde entworfen, um Eleganz und Praktikabilit\u00e4t zu vereinen, und erg\u00e4nzt<\/p>","protected":false},"featured_media":2019,"template":"","meta":{"_acf_changed":false},"product_brand":[],"product_cat":[22],"product_tag":[],"class_list":{"0":"post-2014","1":"product","2":"type-product","3":"status-publish","4":"has-post-thumbnail","6":"product_cat-non-classe","8":"first","9":"instock","10":"shipping-taxable","11":"purchasable","12":"product-type-simple"},"acf":[],"_links":{"self":[{"href":"https:\/\/bryanbalsiger.com\/de\/wp-json\/wp\/v2\/product\/2014","targetHints":{"allow":["GET"]}}],"collection":[{"href":"https:\/\/bryanbalsiger.com\/de\/wp-json\/wp\/v2\/product"}],"about":[{"href":"https:\/\/bryanbalsiger.com\/de\/wp-json\/wp\/v2\/types\/product"}],"wp:featuredmedia":[{"embeddable":true,"href":"https:\/\/bryanbalsiger.com\/de\/wp-json\/wp\/v2\/media\/2019"}],"wp:attachment":[{"href":"https:\/\/bryanbalsiger.com\/de\/wp-json\/wp\/v2\/media?parent=2014"}],"wp:term":[{"taxonomy":"product_brand","embeddable":true,"href":"https:\/\/bryanbalsiger.com\/de\/wp-json\/wp\/v2\/product_brand?post=2014"},{"taxonomy":"product_cat","embeddable":true,"href":"https:\/\/bryanbalsiger.com\/de\/wp-json\/wp\/v2\/product_cat?post=2014"},{"taxonomy":"product_tag","embeddable":true,"href":"https:\/\/bryanbalsiger.com\/de\/wp-json\/wp\/v2\/product_tag?post=2014"}],"curies":[{"name":"wp","href":"https:\/\/api.w.org\/{rel}","templated":true}]}}