{"id":2000,"date":"2025-01-07T15:09:25","date_gmt":"2025-01-07T15:09:25","guid":{"rendered":"https:\/\/bryanbalsiger.com\/?post_type=product&#038;p=2000"},"modified":"2025-01-20T07:35:23","modified_gmt":"2025-01-20T07:35:23","slug":"sweat-shirt","status":"publish","type":"product","link":"https:\/\/bryanbalsiger.com\/de\/produkt\/sweat-shirt\/","title":{"rendered":"Sweatshirt"},"content":{"rendered":"<p>Mit seinem modernen und raffinierten Design tr\u00e4gt dieser Pullover ein dezentes Logo aus der Bryan Balsiger-Kollektion und verleiht ihm einen subtilen Hauch von Eleganz. Seine eng anliegende Passform und die sorgf\u00e4ltige Verarbeitung machen ihn zur idealen Wahl f\u00fcr Modebewusste, w\u00e4hrend er gleichzeitig praktisch f\u00fcr den t\u00e4glichen Gebrauch ist.<\/p>","protected":false},"excerpt":{"rendered":"<p>Mit seinem modernen und raffinierten Design tr\u00e4gt dieser Pullover ein dezentes Logo aus der Bryan Balsiger-Kollektion, das einen Hauch<\/p>","protected":false},"featured_media":2005,"template":"","meta":{"_acf_changed":false},"product_brand":[],"product_cat":[22],"product_tag":[],"class_list":{"0":"post-2000","1":"product","2":"type-product","3":"status-publish","4":"has-post-thumbnail","6":"product_cat-non-classe","8":"first","9":"instock","10":"shipping-taxable","11":"purchasable","12":"product-type-variable"},"acf":[],"_links":{"self":[{"href":"https:\/\/bryanbalsiger.com\/de\/wp-json\/wp\/v2\/product\/2000","targetHints":{"allow":["GET"]}}],"collection":[{"href":"https:\/\/bryanbalsiger.com\/de\/wp-json\/wp\/v2\/product"}],"about":[{"href":"https:\/\/bryanbalsiger.com\/de\/wp-json\/wp\/v2\/types\/product"}],"wp:featuredmedia":[{"embeddable":true,"href":"https:\/\/bryanbalsiger.com\/de\/wp-json\/wp\/v2\/media\/2005"}],"wp:attachment":[{"href":"https:\/\/bryanbalsiger.com\/de\/wp-json\/wp\/v2\/media?parent=2000"}],"wp:term":[{"taxonomy":"product_brand","embeddable":true,"href":"https:\/\/bryanbalsiger.com\/de\/wp-json\/wp\/v2\/product_brand?post=2000"},{"taxonomy":"product_cat","embeddable":true,"href":"https:\/\/bryanbalsiger.com\/de\/wp-json\/wp\/v2\/product_cat?post=2000"},{"taxonomy":"product_tag","embeddable":true,"href":"https:\/\/bryanbalsiger.com\/de\/wp-json\/wp\/v2\/product_tag?post=2000"}],"curies":[{"name":"wp","href":"https:\/\/api.w.org\/{rel}","templated":true}]}}