{"id":2036,"date":"2025-01-10T09:23:22","date_gmt":"2025-01-10T09:23:22","guid":{"rendered":"https:\/\/bryanbalsiger.com\/?page_id=2036"},"modified":"2025-01-10T09:27:35","modified_gmt":"2025-01-10T09:27:35","slug":"conditions-generales-de-vente","status":"publish","type":"page","link":"https:\/\/bryanbalsiger.com\/de\/conditions-generales-de-vente\/","title":{"rendered":"Allgemeine Gesch\u00e4ftsbedingungen"},"content":{"rendered":"<div class=\"wpb-content-wrapper\"><div class=\"vc_row wpb_row vc_row-fluid vc_custom_1736501208462 wd-rs-6780e7d1e0736\"><div class=\"wpb_column vc_column_container vc_col-sm-12\"><div class=\"vc_column-inner\"><div class=\"wpb_wrapper\">\n\t<div class=\"wpb_text_column wpb_content_element\" >\n\t\t<div class=\"wpb_wrapper\">\n\t\t\t<h1><strong>Allgemeine Gesch\u00e4ftsbedingungen Bryan Balsiger<\/strong><\/h1>\n<p>1 Anwendungsbereich<\/p>\n<p>Die vorliegenden Allgemeinen Gesch\u00e4ftsbedingungen gelten f\u00fcr alle Bestellungen, die \u00fcber die Online-Website und\/oder auf anderem Wege an Bryan Balsiger gerichtet werden.<\/p>\n<p>1.2 Mit der Aufgabe einer Bestellung bei Bryan Balsiger best\u00e4tigen Sie, dass Sie die vorliegenden Allgemeinen Gesch\u00e4ftsbedingungen zur Kenntnis genommen haben und mit deren Anwendung einverstanden sind. Die Best\u00e4tigung Ihrer Bestellung gilt als vorbehaltlose Annahme der vorliegenden Allgemeinen Gesch\u00e4ftsbedingungen.<\/p>\n<p>2 Bestellung und Vertragsabschluss<\/p>\n<p>2.1 Mit der Aufgabe einer Bestellung bei Bryan Balsiger erkl\u00e4rt der K\u00e4ufer, dass er handlungsf\u00e4hig ist. Personen, die minderj\u00e4hrig sind oder unter Beistandschaft (Vormundschaft) stehen, m\u00fcssen vor jedem Kauf eine schriftliche Genehmigung ihres gesetzlichen Vertreters oder Beistands (Vormund) vorlegen, bevor sie eine Bestellung aufgeben k\u00f6nnen.<\/p>\n<p>2.2 Die wesentlichen Merkmale und der Preis unserer Produkte sind auf den Seiten mit den detaillierten Produktbeschreibungen im Online-Shop angegeben. Wenn Sie auf die Schaltfl\u00e4che \"Bestellung best\u00e4tigen\" klicken, wird die Bestellung verbindlich und ein Kaufvertrag abgeschlossen. Sie erhalten von uns eine Bestellbest\u00e4tigung per E-Mail.<\/p>\n<p>2.3 Bryan Balsiger bleibt frei, das Angebot der angebotenen Produkte nach eigenem Ermessen und zu jeder Zeit zu l\u00f6schen oder zu \u00e4ndern.<\/p>\n<p>2.4 Eink\u00e4ufe auf der Bryan Balsiger-Website sind ausschlie\u00dflich Kunden vorbehalten, die sich ordnungsgem\u00e4\u00df registriert und wahrheitsgem\u00e4\u00dfe Angaben gemacht haben.<\/p>\n<p>2.5 Der K\u00e4ufer kann einen Vertrag mit Bryan Balsiger unter keinen Umst\u00e4nden \u00e4ndern oder stornieren, wenn er Artikel bestellt hat, die auf seinen Wunsch hin hergestellt und\/oder personalisiert wurden, oder wenn sich die bestellten Artikel bereits in der Lieferung befinden.<\/p>\n<p>2.6 Die Lieferung der bestellten Produkte erfolgt nur gegen Vorauszahlung. Wir bitten Sie daher, den Kaufpreis unverz\u00fcglich, sp\u00e4testens aber innerhalb von 7 Tagen nach Erhalt unserer Auftragsbest\u00e4tigung zu bezahlen.<\/p>\n<p>2.7 Wir behalten uns das Recht vor, die Ihrem Kauf entsprechende Forderung an ein in der Schweiz ans\u00e4ssiges Inkassob\u00fcro abzutreten. In einem solchen Fall erkl\u00e4ren Sie sich damit einverstanden, die Zahlung auf einfache Information unsererseits direkt an diesen Dritten zu leisten und mit diesem Dritten bei der Einziehung des Kaufpreises zusammenzuarbeiten.<\/p>\n<p>2.8 Wir liefern die Ware innerhalb der Frist, die in der Zusammenfassung Ihrer Bestellung angegeben ist. Die Lieferfrist z\u00e4hlt ab dem Eingang Ihrer Zahlung. Wenn wir durch h\u00f6here Gewalt oder Zufall an der Lieferung gehindert werden, verl\u00e4ngert sich die Lieferfrist entsprechend der Dauer des Hindernisses.<\/p>\n<p>3 Preis<\/p>\n<p>3.1 Die Verkaufspreise sind in Schweizer Franken (CHF) angegeben, verstehen sich ohne Mehrwertsteuer und eventuelle Rabatte, die am Tag der Bestellung gelten.<\/p>\n<p>3.2 Sobald die Bestellung best\u00e4tigt wurde, kann der Preis f\u00fcr die Bestellung nicht mehr ge\u00e4ndert werden.<\/p>\n<p>3.3 Vorbehaltlich des Vorstehenden ist Bryan Balsiger berechtigt, den Preis der angebotenen Waren nach eigenem Ermessen und zu jeder Zeit zu \u00e4ndern.<\/p>\n<p>3.4 Wir bieten zu bestimmten Zeiten des Jahres Ausverk\u00e4ufe oder Sonderangebote f\u00fcr ausgew\u00e4hlte Produkte an. Diese Angebote gelten nur f\u00fcr den Zeitraum, in dem sie auf der Website ver\u00f6ffentlicht werden, und k\u00f6nnen nicht r\u00fcckwirkend beantragt werden. Der Kunde kann also keine Entsch\u00e4digung f\u00fcr eventuelle Preissenkungen nach seinem Kauf verlangen.<\/p>\n<p>4 Verf\u00fcgbarkeit von Artikeln<\/p>\n<p>4.1 Trotz aller Vorsichtsmassnahmen, die Bryan Balsiger ergreift, um Informationen \u00fcber die Verf\u00fcgbarkeit der angebotenen Artikel zu erhalten, kann es vorkommen, dass ein oder mehrere Artikel, die zum Zeitpunkt der Bestellung als verf\u00fcgbar galten, schliesslich nicht verf\u00fcgbar sind. Im Falle der Nichtverf\u00fcgbarkeit eines oder mehrerer Artikel, aus denen sich die Bestellung zusammensetzt, ist Bryan Balsiger gezwungen, die Bestellung teilweise oder vollst\u00e4ndig zu stornieren.<\/p>\n<p>5 Lieferungen<\/p>\n<p>5.1 Die angegebenen Lieferzeiten sind als Richtwerte zu verstehen. Es handelt sich dabei keineswegs um eine Verpflichtung. Der K\u00e4ufer ist verpflichtet, jede Lieferung von Produkten anzunehmen, und zwar auch dann, wenn die Lieferung erst nach der angegebenen Frist in Empfang genommen wird.<\/p>\n<p>5.2 Die unverbindliche Lieferzeit betr\u00e4gt 3 bis 5 Tage.<\/p>\n<p>5.3 Die Nichteinhaltung einer Lieferfrist gibt dem K\u00e4ufer keinen Anspruch gegen Bryan Balsiger<\/p>\n<p>5.4 Die Lieferungen werden von der Post durchgef\u00fchrt. Es gelten die Allgemeinen Gesch\u00e4ftsbedingungen der Schweizerischen Post AG.<\/p>\n<p>5.5 Wir behalten uns das Recht vor, eine Bestellung auf mehrere Pakete aufzuteilen oder mehrere Bestellungen in einem Paket mit der gleichen Lieferadresse zusammenzufassen.<\/p>\n<p>Sollten wir jedoch aufgrund von Inventurdifferenzen ein Produkt nicht liefern k\u00f6nnen, verpflichten wir uns, Sie so schnell wie m\u00f6glich dar\u00fcber zu informieren und Ihnen Alternativprodukte anzubieten. Selbstverst\u00e4ndlich ist in diesem Fall immer eine R\u00fcckerstattung m\u00f6glich.<\/p>\n<p>5.6 Nach Erhalt der Lieferung ist der K\u00e4ufer verpflichtet, diese innerhalb von 2 Tagen nach Erhalt auf Vollst\u00e4ndigkeit und Besch\u00e4digungen zu \u00fcberpr\u00fcfen. Eventuelle Beanstandungen sind unverz\u00fcglich an das Transportunternehmen zu richten. Sie m\u00fcssen sich au\u00dferdem vergewissern, dass die gelieferten Waren mit Ihrer Bestellung \u00fcbereinstimmen. Wenn der K\u00e4ufer innerhalb der oben genannten Frist keine Stellungnahme abgibt, wird davon ausgegangen, dass er die Waren in gutem Zustand, ohne M\u00e4ngel oder Sch\u00e4den erhalten hat und dass er sie in ihrem Zustand akzeptiert, mit Ausnahme von nicht offensichtlichen M\u00e4ngeln. Falls die Waren nicht mit der Bestellung \u00fcbereinstimmen, m\u00fcssen Sie unseren Kundenservice dar\u00fcber informieren.<\/p>\n<p>6 \u00dcbertragung der Risiken<\/p>\n<p>6.1 Der Gefahren\u00fcbergang, der die Gefahr des Untergangs sowie der Verschlechterung der Ware umfasst, geht mit dem Empfang der Ware auf den K\u00e4ufer \u00fcber.<\/p>\n<p>6.2 Wenn der K\u00e4ufer Ware an Bryan Balsiger zur\u00fccksendet, tr\u00e4gt der K\u00e4ufer das Risiko bis zum Eingang der Ware bei Bryan Balsiger.<\/p>\n<p>7 Modalit\u00e4ten der R\u00fcckgabe oder des Umtauschs<\/p>\n<p>7.1 Artikel, die (mit den in Bestimmung 7.2 genannten Ausnahmen) von Bryan Balsiger geliefert werden, k\u00f6nnen innerhalb von 14 Tagen nach Erhalt der Lieferung zur\u00fcckgegeben oder umgetauscht werden.<\/p>\n<p>7.2 Die zur\u00fcckgesandten oder umgetauschten Artikel m\u00fcssen unbesch\u00e4digt und vollst\u00e4ndig sein, in ihrer Originalverpackung (mit dem Etikett, das seine Referenzen enth\u00e4lt) und zusammen mit dem Lieferschein. Wenn zur\u00fcckgesandte oder umgetauschte Artikel die oben genannten Bedingungen nicht erf\u00fcllen, beh\u00e4lt sich Bryan Balsiger das Recht vor, die Ware an den K\u00e4ufer zur\u00fcckzusenden und ihm diese in Rechnung zu stellen. Die Lieferkosten k\u00f6nnen in diesem Fall dem K\u00e4ufer belastet werden.<\/p>\n<p>7.3 Artikel, die nach Ma\u00df oder personalisiert bestellt wurden, k\u00f6nnen unter keinen Umst\u00e4nden zur\u00fcckgegeben oder umgetauscht werden.<\/p>\n<p>7.4 Im Falle von Teillieferungen beginnt die Frist mit dem Erhalt jedes einzelnen Pakets zu laufen.<\/p>\n<p>7.5 Der K\u00e4ufer, der Ware per Speditionsdienst zur\u00fccksendet, muss Bryan Balsiger benachrichtigen.<\/p>\n<p>8 Zahlung<\/p>\n<p>8.1 Wir akzeptieren die folgenden Zahlungsmethoden: Visa, Mastercard und Twint. Alle mit Ihrer Zahlung verbundenen Geb\u00fchren sind von Ihnen zu tragen.<\/p>\n<p>8.2 Das Eigentum an den gelieferten Produkten geht erst dann auf den K\u00e4ufer \u00fcber, wenn er die Ware vollst\u00e4ndig bezahlt hat.<\/p>\n<p>8.3 Bei versp\u00e4teter Zahlung fallen folgende Mahngeb\u00fchren an: CHF 30.00 bei Nichtzahlung innerhalb von 30 Tagen. CHF 50 f\u00fcr alle Mahnungen, die dar\u00fcber hinausgehen, bis zur vollst\u00e4ndigen Bezahlung der f\u00e4lligen Rechnung.<\/p>\n<p>9 \u00dcberpr\u00fcfung des Produkts<\/p>\n<p>9.1 Der K\u00e4ufer hat die Produkte innerhalb von zwei Tagen nach Erhalt zu untersuchen und Bryan Balsiger unverz\u00fcglich \u00fcber alle M\u00e4ngel oder Sch\u00e4den an den Produkten zu informieren. Erfolgt innerhalb der vorgenannten Frist keine Mitteilung des K\u00e4ufers, so wird davon ausgegangen, dass die Produkte in gutem Zustand, ohne M\u00e4ngel oder Sch\u00e4den erhalten wurden und in ihrem Zustand, mit Ausnahme von nicht offensichtlichen M\u00e4ngeln, akzeptiert wurden.<\/p>\n<p>9.2 Im Falle eines nicht offensichtlichen Mangels hat der K\u00e4ufer Bryan Balsiger unverz\u00fcglich nach der Entdeckung von diesem Mangel zu unterrichten. Bei einer versp\u00e4teten Anzeige verfallen die Rechte des K\u00e4ufers.<\/p>\n<p>10 Garantie<\/p>\n<p>10.1 F\u00fcr alle von Bryan Balsiger verkauften Artikel wird f\u00fcr einen Zeitraum von zwei Jahren ab Lieferdatum eine Garantie gegen Herstellungsfehler gew\u00e4hrt. Diese Garantie gilt bei Vorlage des Kaufnachweises.<\/p>\n<p>10.2 Die Garantie erstreckt sich nur auf Herstellungs- oder Materialfehler. Sie gilt nicht f\u00fcr Defekte, die durch normalen Verschlei\u00df, Missbrauch, unsachgem\u00e4\u00dfe Pflege, nicht genehmigte \u00c4nderungen oder Reparaturen oder Unf\u00e4lle (Flecken, Risse usw.) entstanden sind.<\/p>\n<p>10.3 Im Falle eines anerkannten Mangels wird Bryan Balsiger nach eigenem Ermessen den Artikel reparieren, durch einen identischen oder gleichwertigen Artikel ersetzen oder den Kaufpreis je nach Umfang des Mangels teilweise oder vollst\u00e4ndig zur\u00fcckerstatten.<\/p>\n<p>10.4 Die Haftung von Bryan Balsiger ist auf den Wert des betreffenden Artikels beschr\u00e4nkt. Eine Entsch\u00e4digung f\u00fcr indirekte oder Folgesch\u00e4den (z.B. entgangener Gewinn oder entgangene Gelegenheit) wird nicht gew\u00e4hrt.<\/p>\n<p>10.5 Um die Garantie in Anspruch zu nehmen, muss der Kunde den Kundenservice kontaktieren und eine detaillierte Beschreibung des Problems sowie gegebenenfalls Fotos des defekten Artikels vorlegen.<\/p>\n<p>11 R\u00fcckzahlung<\/p>\n<p>11.1 Eine eventuelle R\u00fcckerstattung unsererseits erfolgt auf das Konto, das Sie zur Durchf\u00fchrung der Zahlung verwendet haben. Wenn Sie per Twint bezahlt haben, wird Ihnen der Betrag auf das mit dieser Zahlungsmethode verbundene Bankkonto zur\u00fcckerstattet.<\/p>\n<p>12 Schutz von pers\u00f6nlichen Daten<\/p>\n<p>12.1 Bryan Balsiger stellt sicher, dass die Daten seiner Kunden in \u00dcbereinstimmung mit den geltenden Gesetzen verarbeitet werden.<\/p>\n<p>12.2 Die von Bryan Balsiger gespeicherten Daten dienen insbesondere der Registrierung und Bearbeitung von Bestellungen, der Verwaltung von pers\u00f6nlichen Kundenkonten, der Durchf\u00fchrung von Marketingstudien und der Erstellung von Statistiken. Der Zweck der Datenverarbeitung ist die Verbesserung, die Qualit\u00e4tskontrolle der Dienstleistungen sowie die Marktforschung.<\/p>\n<p>12.3 Der K\u00e4ufer kann die Nutzung oder Weitergabe seiner Daten zu Marketing- und Werbezwecken jederzeit einschr\u00e4nken oder untersagen.<\/p>\n<p>13 Gerichtsstand und anwendbares Recht<\/p>\n<p>13.1 Der Erf\u00fcllungsort und der Gerichtsstand f\u00fcr Streitigkeiten ist am Ort des Unternehmens<\/p>\n<p>13.2 Es gilt das materielle Recht der Schweiz.<\/p>\n<p><strong>Rechtliche Hinweise<\/strong><\/p>\n<p>Adresse:<\/p>\n<p>Balsiger Horses GmbH<br \/>\nChemin de Torgueil 12<br \/>\n2036 Cormondr\u00e8che<\/p>\n<p>Telefon: 079 838 83 87<\/p>\n<p>E-Mail: bryan.balsiger@outlook.com<\/p>\n<p>Mehrwertsteuer-Nummer: CHE-345.547.408<\/p>\n<p>Bankverbindung:<\/p>\n<p>IBAN CH51 0076 6000 1033 9447 0<\/p>\n\n\t\t<\/div>\n\t<\/div>\n<\/div><\/div><\/div><\/div>\n<\/div>","protected":false},"excerpt":{"rendered":"Allgemeine Gesch\u00e4ftsbedingungen Bryan Balsiger 1 Geltungsbereich Diese Allgemeinen Gesch\u00e4ftsbedingungen gelten f\u00fcr alle Bestellungen, die Sie aufgeben","protected":false},"author":1,"featured_media":0,"parent":0,"menu_order":0,"comment_status":"closed","ping_status":"closed","template":"","meta":{"_acf_changed":false,"footnotes":""},"class_list":["post-2036","page","type-page","status-publish","hentry"],"acf":[],"_links":{"self":[{"href":"https:\/\/bryanbalsiger.com\/de\/wp-json\/wp\/v2\/pages\/2036","targetHints":{"allow":["GET"]}}],"collection":[{"href":"https:\/\/bryanbalsiger.com\/de\/wp-json\/wp\/v2\/pages"}],"about":[{"href":"https:\/\/bryanbalsiger.com\/de\/wp-json\/wp\/v2\/types\/page"}],"author":[{"embeddable":true,"href":"https:\/\/bryanbalsiger.com\/de\/wp-json\/wp\/v2\/users\/1"}],"replies":[{"embeddable":true,"href":"https:\/\/bryanbalsiger.com\/de\/wp-json\/wp\/v2\/comments?post=2036"}],"version-history":[{"count":5,"href":"https:\/\/bryanbalsiger.com\/de\/wp-json\/wp\/v2\/pages\/2036\/revisions"}],"predecessor-version":[{"id":2041,"href":"https:\/\/bryanbalsiger.com\/de\/wp-json\/wp\/v2\/pages\/2036\/revisions\/2041"}],"wp:attachment":[{"href":"https:\/\/bryanbalsiger.com\/de\/wp-json\/wp\/v2\/media?parent=2036"}],"curies":[{"name":"wp","href":"https:\/\/api.w.org\/{rel}","templated":true}]}}