{"id":1149,"date":"2020-06-19T08:12:33","date_gmt":"2020-06-19T08:12:33","guid":{"rendered":"https:\/\/bryanbalsiger.com\/?page_id=1149"},"modified":"2020-07-10T14:53:41","modified_gmt":"2020-07-10T14:53:41","slug":"christina-duguet","status":"publish","type":"page","link":"https:\/\/bryanbalsiger.com\/de\/christina-duguet\/","title":{"rendered":"Christiana Duguet"},"content":{"rendered":"<div class=\"wpb-content-wrapper\"><div data-vc-full-width=\"true\" data-vc-full-width-init=\"false\" data-vc-stretch-content=\"true\" data-vc-parallax=\"1.2\" data-vc-parallax-image=\"https:\/\/bryanbalsiger.com\/wp-content\/uploads\/2020\/06\/page_header_bryan.jpg\" class=\"vc_row wpb_row vc_row-fluid vc_row-has-fill vc_row-no-padding vc_general vc_parallax vc_parallax-content-moving\"><div class=\"wpb_column vc_column_container vc_col-sm-12\"><div class=\"vc_column-inner\"><div class=\"wpb_wrapper\"><div class=\"vc_empty_space space-page-header\"   style=\"height: 500px\"><span class=\"vc_empty_space_inner\"><\/span><\/div><div class=\"vc_empty_space header-bg-sand\"   style=\"height: 500px\"><span class=\"vc_empty_space_inner\"><\/span><\/div><\/div><\/div><\/div><\/div><div class=\"vc_row-full-width vc_clearfix\"><\/div><div class=\"vc_row wpb_row vc_row-fluid\"><div class=\"wpb_column vc_column_container vc_col-sm-12\"><div class=\"vc_column-inner\"><div class=\"wpb_wrapper\"><div class=\"vc_empty_space\"   style=\"height: 25px\"><span class=\"vc_empty_space_inner\"><\/span><\/div><div class=\"vc_row wpb_row vc_inner vc_row-fluid row-reverse-mobile\"><div class=\"wpb_column vc_column_container vc_col-sm-6\"><div class=\"vc_column-inner\"><div class=\"wpb_wrapper\">\n\t\t\t<!-- START Christian Duguet REVOLUTION SLIDER 6.7.24 --><p class=\"rs-p-wp-fix\"><\/p>\n\t\t\t<rs-module-wrap id=\"rev_slider_8_1_wrapper\" data-source=\"gallery\" style=\"visibility:hidden;background:transparent;padding:0;margin:0px auto;margin-top:0;margin-bottom:0;\">\n\t\t\t\t<rs-module id=\"rev_slider_8_1\" style=\"\" data-version=\"6.7.24\">\n\t\t\t\t\t<rs-slides style=\"overflow: hidden; position: absolute;\">\n\t\t\t\t\t\t<rs-slide style=\"position: absolute;\" data-key=\"rs-31\" data-title=\"01\" data-thumb=\"\/\/bryanbalsiger.com\/wp-content\/uploads\/2020\/07\/christiana-50x100.jpg\" data-anim=\"ms:1000;r:0;\" data-in=\"o:0;\" data-out=\"a:false;\">\n\t\t\t\t\t\t\t<img fetchpriority=\"high\" decoding=\"async\" src=\"\/\/bryanbalsiger.com\/wp-content\/plugins\/revslider\/sr6\/assets\/assets\/dummy.png\" alt=\"\" title=\"christiana\" width=\"267\" height=\"267\" class=\"rev-slidebg tp-rs-img rs-lazyload\" data-lazyload=\"\/\/bryanbalsiger.com\/wp-content\/uploads\/2020\/07\/christiana.jpg\" data-no-retina>\n<!---->\t\t\t\t\t<\/rs-slide>\n\t\t\t\t\t\t<rs-slide style=\"position: absolute;\" data-key=\"rs-32\" data-title=\"01\" data-thumb=\"\/\/bryanbalsiger.com\/wp-content\/uploads\/2020\/06\/twentytwo02-50x100.jpg\" data-anim=\"ms:1000;r:0;\" data-in=\"o:0;\" data-out=\"a:false;\">\n\t\t\t\t\t\t\t<img decoding=\"async\" src=\"\/\/bryanbalsiger.com\/wp-content\/plugins\/revslider\/sr6\/assets\/assets\/dummy.png\" alt=\"\" title=\"twentytwo02\" width=\"898\" height=\"640\" class=\"rev-slidebg tp-rs-img rs-lazyload\" data-lazyload=\"\/\/bryanbalsiger.com\/wp-content\/uploads\/2020\/06\/twentytwo02.jpg\" data-no-retina>\n<!---->\t\t\t\t\t<\/rs-slide>\n\t\t\t\t\t<\/rs-slides>\n\t\t\t\t\t<rs-static-layers><!--\n\t\t\t\t\t--><\/rs-static-layers>\n\t\t\t\t<\/rs-module>\n\t\t\t\t<script>\n\t\t\t\t\tsetREVStartSize({c: 'rev_slider_8_1',rl:[1240,1024,778,480],el:[900],gw:[1240],gh:[900],type:'standard',justify:'',layout:'fullwidth',mh:\"0\"});if (window.RS_MODULES!==undefined && window.RS_MODULES.modules!==undefined && window.RS_MODULES.modules[\"revslider81\"]!==undefined) {window.RS_MODULES.modules[\"revslider81\"].once = false;window.revapi8 = undefined;if (window.RS_MODULES.checkMinimal!==undefined) window.RS_MODULES.checkMinimal()}\n\t\t\t\t<\/script>\n\t\t\t<\/rs-module-wrap>\n\t\t\t<!-- END REVOLUTION SLIDER -->\n<\/div><\/div><\/div><div class=\"wpb_column vc_column_container vc_col-sm-6\"><div class=\"vc_column-inner\"><div class=\"wpb_wrapper\">\n\t<div  class=\"wpb_single_image wpb_content_element vc_align_left icon\">\n\t\t\n\t\t<figure class=\"wpb_wrapper vc_figure\">\n\t\t\t<div class=\"vc_single_image-wrapper   vc_box_border_grey\"><img decoding=\"async\" width=\"350\" height=\"350\" src=\"data:image\/;base64,\" class=\"vc_single_image-img attachment-full wd-lazy-load wd-lazy-fade\" alt=\"\" title=\"icon_horse\" data-wood-src=\"https:\/\/bryanbalsiger.com\/wp-content\/uploads\/2020\/06\/icon_horse.svg\" srcset=\"\" \/><\/div>\n\t\t<\/figure>\n\t<\/div>\n\r\n\t\t<div id=\"wd-5eec7378330d4\" class=\"title-wrapper wd-wpb set-mb-s reset-last-child  wd-rs-5eec7378330d4 wd-title-color-default wd-title-style-default text-left  wd-underline-colored\">\r\n\t\t\t\r\n\t\t\t<div class=\"liner-continer\">\r\n\t\t\t\t<h4 class=\"woodmart-title-container title  wd-font-weight-500 wd-fontsize-l\" >Christiana<br \/>\nDuguet<\/h4>\r\n\t\t\t\t\t\t\t<\/div>\r\n\t\t\t\r\n\t\t\t\r\n\t\t\t\r\n\t\t<\/div>\r\n\t\t\r\n\t\t<div class=\"vc_separator wpb_content_element vc_separator_align_center vc_sep_width_10 vc_sep_border_width_2 vc_sep_pos_align_left vc_separator_no_text\" ><span class=\"vc_sep_holder vc_sep_holder_l\"><span style=\"border-color:#1a213d;\" class=\"vc_sep_line\"><\/span><\/span><span class=\"vc_sep_holder vc_sep_holder_r\"><span style=\"border-color:#1a213d;\" class=\"vc_sep_line\"><\/span><\/span>\n<\/div>\n\t<div class=\"wpb_text_column wpb_content_element\" >\n\t\t<div class=\"wpb_wrapper\">\n\t\t\t<p><em>\"Eine Geste, die mich ber\u00fchrt hat\"<\/em><\/p>\n<p>Seit Juni 2019 gibt mir Christiana Duguet die Chance, ihre Herzensstute Twentytwo des Biches reiten zu d\u00fcrfen (Sie war u.a. 2.<sup>\u00e8me<\/sup> des Weltcup-Finales in Las Vegas 2017). F\u00fcr mich war es ein gro\u00dfer Schritt und ein gro\u00dfer Vertrauensbeweis, als Christiana mir anbot, die Karriere von Twenty fortzusetzen. Eine Geste, die mich sehr ber\u00fchrt hat.<\/p>\n\n\t\t<\/div>\n\t<\/div>\n<div class=\"vc_btn3-container vc_btn3-inline vc_do_btn\" ><a onmouseleave=\"this.style.borderColor='#1a213d'; this.style.backgroundColor='transparent'; this.style.color='#1a213d'\" onmouseenter=\"this.style.borderColor='#1a213d'; this.style.backgroundColor='#1a213d'; this.style.color='#ffffff';\" style=\"border-color:#1a213d; color:#1a213d;\" class=\"vc_general vc_btn3 vc_btn3-size-md vc_btn3-shape-round vc_btn3-style-outline-custom\" href=\"https:\/\/www.instagram.com\/christianaduguetequestrian\/?hl=fr\" title=\"\" target=\"_blank\">Instagram-Konto<\/a><\/div><\/div><\/div><\/div><\/div><div class=\"vc_empty_space\"   style=\"height: 100px\"><span class=\"vc_empty_space_inner\"><\/span><\/div><\/div><\/div><\/div><\/div>\n<\/div>","protected":false},"excerpt":{"rendered":"Christiana Duguet \"Eine Geste, die mich ber\u00fchrt hat\" Seit Juni 2019 gibt mir Christiana Duguet die Chance.","protected":false},"author":1,"featured_media":0,"parent":0,"menu_order":0,"comment_status":"closed","ping_status":"closed","template":"","meta":{"_acf_changed":false,"footnotes":""},"class_list":["post-1149","page","type-page","status-publish","hentry"],"acf":[],"_links":{"self":[{"href":"https:\/\/bryanbalsiger.com\/de\/wp-json\/wp\/v2\/pages\/1149","targetHints":{"allow":["GET"]}}],"collection":[{"href":"https:\/\/bryanbalsiger.com\/de\/wp-json\/wp\/v2\/pages"}],"about":[{"href":"https:\/\/bryanbalsiger.com\/de\/wp-json\/wp\/v2\/types\/page"}],"author":[{"embeddable":true,"href":"https:\/\/bryanbalsiger.com\/de\/wp-json\/wp\/v2\/users\/1"}],"replies":[{"embeddable":true,"href":"https:\/\/bryanbalsiger.com\/de\/wp-json\/wp\/v2\/comments?post=1149"}],"version-history":[{"count":9,"href":"https:\/\/bryanbalsiger.com\/de\/wp-json\/wp\/v2\/pages\/1149\/revisions"}],"predecessor-version":[{"id":1696,"href":"https:\/\/bryanbalsiger.com\/de\/wp-json\/wp\/v2\/pages\/1149\/revisions\/1696"}],"wp:attachment":[{"href":"https:\/\/bryanbalsiger.com\/de\/wp-json\/wp\/v2\/media?parent=1149"}],"curies":[{"name":"wp","href":"https:\/\/api.w.org\/{rel}","templated":true}]}}